{"id":422,"date":"2025-02-20T18:20:35","date_gmt":"2025-02-20T17:20:35","guid":{"rendered":"https:\/\/assotirpeypin.fr\/?page_id=422"},"modified":"2025-07-10T16:41:55","modified_gmt":"2025-07-10T14:41:55","slug":"historique","status":"publish","type":"page","link":"https:\/\/assotirpeypin.fr\/?page_id=422","title":{"rendered":"HISTORIQUE"},"content":{"rendered":"\n<p class=\"has-medium-font-size\"><strong>A . S .T . P . va f\u00eater ses <mark style=\"background-color:rgba(0, 0, 0, 0);color:#fb0404\" class=\"has-inline-color\">50 ans en 2026<\/mark><\/strong><br>\u2013 Le stand de tir de l\u2019&nbsp;<strong>A<\/strong>ssociation&nbsp;<strong>S<\/strong>portive de&nbsp;<strong>T<\/strong>ir de&nbsp;<strong>P<\/strong>eypin est situ\u00e9 sur la commune de Peypin (13). Son existence est ancienne, cr\u00e9\u00e9 le 5 novembre 1976, il est en effet r\u00e9pertori\u00e9 sur les cartes IGN et il est \u00e9galement cadastr\u00e9. On y acc\u00e8de par le cd 908 entre la Z.I de Valdonne et Auberge Neuve.&nbsp;<\/p>\n\n\n\n<p class=\"has-neve-link-color-color has-text-color has-link-color has-medium-font-size wp-elements-79c402a8a025d78f38d93d76a512d71e\"><strong>IMPLANTATION<\/strong><\/p>\n\n\n\n<ul class=\"wp-block-list\">\n<li>\u2013 Les installations sont dans une ancienne carri\u00e8re enti\u00e8rement cl\u00f4tur\u00e9e ,formant une cuvette ovale (au sein d\u2019une parcelle d\u2019environ 5ha) dont le grand axe est sensiblement nord-sud.<\/li>\n\n\n\n<li>\u2013 La pr\u00e9sence de portes de grandes largeurs (3m) \u00e0 l\u2019int\u00e9rieur des installations permet l\u2019acc\u00e8s et la circulation de tout engin de travaux ou de secours \u00e0 tout endroit.<\/li>\n\n\n\n<li>\u2013 Le vent dominant ,suivant m\u00e9t\u00e9o France, est de nord ouest ( Mistral).<\/li>\n\n\n\n<li><strong>Position Gps<\/strong>&nbsp;:&nbsp;<strong>43\u00ba 23\u2032 50.56\u2033, 5\u00ba 33\u2032 29.53\u2033<\/strong><\/li>\n\n\n\n<li>\u2013 Tous les pas de tir sont couverts et am\u00e9nag\u00e9s avec un maximum de confort pour pratiquer votre loisir sportif\u2026<\/li>\n<\/ul>\n\n\n\n<p class=\"has-neve-link-color-color has-text-color has-link-color has-medium-font-size wp-elements-7b1cf2a5d0c1b34ad9421a4e503acbc3\"><strong>INFRASTRUCTURES &amp; EQUIPEMENTS<\/strong><\/p>\n\n\n\n<p><strong>Le Club est agr\u00e9\u00e9 FFTir et tous ses \u00e9quipements sont aux normes<\/strong><\/p>\n\n\n\n<ul class=\"wp-block-list\">\n<li><strong>#<\/strong>&nbsp;Un parking de 50 places<\/li>\n\n\n\n<li><strong>#<\/strong>&nbsp;15 postes \u00e0 100m Tous calibres<\/li>\n\n\n\n<li><strong>#<\/strong>&nbsp;25 postes standards \u2013 Armes de poing<\/li>\n\n\n\n<li><strong>#<\/strong>&nbsp;20 postes pr\u00e9cision et ciblerie \u00e9lectronique 3 X 7 \u2013 Armes de poing<\/li>\n\n\n\n<li><strong>#<\/strong>&nbsp;10 postes poudre noire et armes anciennes r\u00e9partis sur deux stands<\/li>\n\n\n\n<li><strong>#<\/strong>&nbsp;10 postes hunter \u00e0 50m Hunter et pr\u00e9cision<\/li>\n\n\n\n<li><strong>#<\/strong>&nbsp;N\u00b0 d\u2019affiliation <strong><mark style=\"background-color:rgba(0, 0, 0, 0)\" class=\"has-inline-color has-neve-link-color-color\">FFT 8074 du 15 FEVRIER 1977<\/mark><\/strong><\/li>\n\n\n\n<li><strong>#<\/strong>&nbsp;N\u00b0 d\u2019agr\u00e9ment <strong><mark style=\"background-color:rgba(0, 0, 0, 0)\" class=\"has-inline-color has-neve-link-hover-color-color\">Jeunesse et sport: 528 S\/88<\/mark><\/strong><\/li>\n<\/ul>\n\n\n\n<p class=\"has-text-align-center has-text-color has-link-color wp-elements-47e865cf6918c918bcc4184d8038dbf1\" style=\"color:#f91d05;font-size:25px\"><br><\/p>\n\n\n\n<p class=\"has-large-font-size\"><strong><mark style=\"background-color:rgba(0, 0, 0, 0)\" class=\"has-inline-color has-nv-c-1-color\">PHOTOS !<\/mark><\/strong><\/p>\n\n\n\n<div id=\"wp-block-themeisle-blocks-slider-2eeedaa9\" class=\"wp-block-themeisle-blocks-slider glide\" data-per-view=\"1\" data-gap=\"0\" data-peek=\"0\" data-autoplay=\"true\" data-height=\"400px\" data-hide-arrows=\"false\"><div class=\"glide__track\" data-glide-el=\"track\"><div class=\"glide__slides\"><div class=\"wp-block-themeisle-blocks-slider-item-wrapper glide__slide\" tabindex=\"0\"><figure><img decoding=\"async\" class=\"wp-block-themeisle-blocks-slider-item\" src=\"https:\/\/assotirpeypin.fr\/wp-content\/uploads\/2025\/02\/IMG_8140-scaled.jpg\" alt=\"\" title=\"\" data-id=\"470\"\/><\/figure><\/div><div class=\"wp-block-themeisle-blocks-slider-item-wrapper glide__slide\" tabindex=\"0\"><figure><img decoding=\"async\" class=\"wp-block-themeisle-blocks-slider-item\" src=\"https:\/\/assotirpeypin.fr\/wp-content\/uploads\/2025\/02\/IMG_8214-scaled.jpg\" alt=\"\" title=\"\" data-id=\"471\"\/><\/figure><\/div><div class=\"wp-block-themeisle-blocks-slider-item-wrapper glide__slide\" tabindex=\"0\"><figure><img decoding=\"async\" class=\"wp-block-themeisle-blocks-slider-item\" src=\"https:\/\/assotirpeypin.fr\/wp-content\/uploads\/2025\/02\/IMG_8216-scaled.jpg\" alt=\"\" title=\"\" data-id=\"472\"\/><\/figure><\/div><div class=\"wp-block-themeisle-blocks-slider-item-wrapper glide__slide\" tabindex=\"0\"><figure><img decoding=\"async\" class=\"wp-block-themeisle-blocks-slider-item\" src=\"https:\/\/assotirpeypin.fr\/wp-content\/uploads\/2025\/02\/IMG_8220-scaled.jpg\" alt=\"\" title=\"\" data-id=\"476\"\/><\/figure><\/div><div class=\"wp-block-themeisle-blocks-slider-item-wrapper glide__slide\" tabindex=\"0\"><figure><img decoding=\"async\" class=\"wp-block-themeisle-blocks-slider-item\" src=\"https:\/\/assotirpeypin.fr\/wp-content\/uploads\/2025\/02\/IMG_8221-scaled.jpg\" alt=\"\" title=\"\" data-id=\"477\"\/><\/figure><\/div><div class=\"wp-block-themeisle-blocks-slider-item-wrapper glide__slide\" tabindex=\"0\"><figure><img decoding=\"async\" class=\"wp-block-themeisle-blocks-slider-item\" src=\"https:\/\/assotirpeypin.fr\/wp-content\/uploads\/2025\/02\/IMG_8234-scaled.jpg\" alt=\"\" title=\"\" data-id=\"485\"\/><\/figure><\/div><div class=\"wp-block-themeisle-blocks-slider-item-wrapper glide__slide\" tabindex=\"0\"><figure><img decoding=\"async\" class=\"wp-block-themeisle-blocks-slider-item\" src=\"https:\/\/assotirpeypin.fr\/wp-content\/uploads\/2025\/02\/IMG_8228-scaled.jpg\" alt=\"\" title=\"\" data-id=\"481\"\/><\/figure><\/div><div class=\"wp-block-themeisle-blocks-slider-item-wrapper glide__slide\" tabindex=\"0\"><figure><img decoding=\"async\" class=\"wp-block-themeisle-blocks-slider-item\" src=\"https:\/\/assotirpeypin.fr\/wp-content\/uploads\/2025\/02\/IMG_8229-scaled.jpg\" alt=\"\" title=\"\" data-id=\"482\"\/><\/figure><\/div><div class=\"wp-block-themeisle-blocks-slider-item-wrapper glide__slide\" tabindex=\"0\"><figure><img decoding=\"async\" class=\"wp-block-themeisle-blocks-slider-item\" src=\"https:\/\/assotirpeypin.fr\/wp-content\/uploads\/2025\/02\/IMG_8233-scaled.jpg\" alt=\"\" title=\"\" data-id=\"484\"\/><\/figure><\/div><div class=\"wp-block-themeisle-blocks-slider-item-wrapper glide__slide\" tabindex=\"0\"><figure><img decoding=\"async\" class=\"wp-block-themeisle-blocks-slider-item\" src=\"https:\/\/assotirpeypin.fr\/wp-content\/uploads\/2025\/02\/IMG_8241-scaled.jpg\" alt=\"\" title=\"\" data-id=\"486\"\/><\/figure><\/div><div class=\"wp-block-themeisle-blocks-slider-item-wrapper glide__slide\" tabindex=\"0\"><figure><img decoding=\"async\" class=\"wp-block-themeisle-blocks-slider-item\" src=\"https:\/\/assotirpeypin.fr\/wp-content\/uploads\/2025\/02\/IMG_8251-scaled.jpg\" alt=\"\" title=\"\" data-id=\"489\"\/><\/figure><\/div><div class=\"wp-block-themeisle-blocks-slider-item-wrapper glide__slide\" tabindex=\"0\"><figure><img decoding=\"async\" class=\"wp-block-themeisle-blocks-slider-item\" src=\"https:\/\/assotirpeypin.fr\/wp-content\/uploads\/2025\/02\/IMG_8246-scaled.jpg\" alt=\"\" title=\"\" data-id=\"487\"\/><\/figure><\/div><\/div><div class=\"glide__bullets\" data-glide-el=\"controls[nav]\"><button class=\"glide__bullet\" data-glide-dir=\"=0\"><\/button><button class=\"glide__bullet\" data-glide-dir=\"=1\"><\/button><button class=\"glide__bullet\" data-glide-dir=\"=2\"><\/button><button class=\"glide__bullet\" data-glide-dir=\"=3\"><\/button><button class=\"glide__bullet\" data-glide-dir=\"=4\"><\/button><button class=\"glide__bullet\" data-glide-dir=\"=5\"><\/button><button class=\"glide__bullet\" data-glide-dir=\"=6\"><\/button><button class=\"glide__bullet\" data-glide-dir=\"=7\"><\/button><button class=\"glide__bullet\" data-glide-dir=\"=8\"><\/button><button class=\"glide__bullet\" data-glide-dir=\"=9\"><\/button><button class=\"glide__bullet\" data-glide-dir=\"=10\"><\/button><button class=\"glide__bullet\" data-glide-dir=\"=11\"><\/button><\/div><\/div><\/div>\n\n\n\n<hr class=\"wp-block-separator has-alpha-channel-opacity\"\/>\n\n\n\n<p><\/p>\n","protected":false},"excerpt":{"rendered":"<p>A . S .T . P . va f\u00eater ses 50 ans en 2026\u2013 Le stand de tir de l\u2019&nbsp;Association&nbsp;Sportive de&nbsp;Tir de&nbsp;Peypin est situ\u00e9 sur la commune de Peypin (13). Son existence est ancienne, cr\u00e9\u00e9 le 5 novembre 1976, il est en effet r\u00e9pertori\u00e9 sur les cartes IGN et il est \u00e9galement cadastr\u00e9. On y&hellip;&nbsp;<a href=\"https:\/\/assotirpeypin.fr\/?page_id=422\" rel=\"bookmark\">Lire la suite &raquo;<span class=\"screen-reader-text\">HISTORIQUE<\/span><\/a><\/p>\n","protected":false},"author":2,"featured_media":0,"parent":0,"menu_order":0,"comment_status":"closed","ping_status":"closed","template":"","meta":{"neve_meta_sidebar":"","neve_meta_container":"","neve_meta_enable_content_width":"","neve_meta_content_width":0,"neve_meta_title_alignment":"","neve_meta_author_avatar":"","neve_post_elements_order":"","neve_meta_disable_header":"","neve_meta_disable_footer":"","neve_meta_disable_title":"","_themeisle_gutenberg_block_has_review":false,"footnotes":""},"class_list":["post-422","page","type-page","status-publish","hentry"],"yoast_head":"<!-- This site is optimized with the Yoast SEO plugin v27.5 - https:\/\/yoast.com\/product\/yoast-seo-wordpress\/ -->\n<title>HISTORIQUE - Assotirpeypin<\/title>\n<meta name=\"robots\" content=\"index, follow, max-snippet:-1, max-image-preview:large, max-video-preview:-1\" \/>\n<link rel=\"canonical\" href=\"https:\/\/assotirpeypin.fr\/?page_id=422\" \/>\n<meta property=\"og:locale\" content=\"fr_FR\" \/>\n<meta property=\"og:type\" content=\"article\" \/>\n<meta property=\"og:title\" content=\"HISTORIQUE - Assotirpeypin\" \/>\n<meta property=\"og:description\" content=\"A . S .T . P . va f\u00eater ses 50 ans en 2026\u2013 Le stand de tir de l\u2019&nbsp;Association&nbsp;Sportive de&nbsp;Tir de&nbsp;Peypin est situ\u00e9 sur la commune de Peypin (13). Son existence est ancienne, cr\u00e9\u00e9 le 5 novembre 1976, il est en effet r\u00e9pertori\u00e9 sur les cartes IGN et il est \u00e9galement cadastr\u00e9. On y&hellip;&nbsp;Lire la suite &raquo;HISTORIQUE\" \/>\n<meta property=\"og:url\" content=\"https:\/\/assotirpeypin.fr\/?page_id=422\" \/>\n<meta property=\"og:site_name\" content=\"Assotirpeypin\" \/>\n<meta property=\"article:modified_time\" content=\"2025-07-10T14:41:55+00:00\" \/>\n<meta property=\"og:image\" content=\"https:\/\/assotirpeypin.fr\/wp-content\/uploads\/2025\/02\/IMG_8140-scaled.jpg\" \/>\n<meta name=\"twitter:card\" content=\"summary_large_image\" \/>\n<meta name=\"twitter:label1\" content=\"Dur\u00e9e de lecture estim\u00e9e\" \/>\n\t<meta name=\"twitter:data1\" content=\"4 minutes\" \/>\n<script type=\"application\/ld+json\" class=\"yoast-schema-graph\">{\"@context\":\"https:\\\/\\\/schema.org\",\"@graph\":[{\"@type\":\"WebPage\",\"@id\":\"https:\\\/\\\/assotirpeypin.fr\\\/?page_id=422\",\"url\":\"https:\\\/\\\/assotirpeypin.fr\\\/?page_id=422\",\"name\":\"HISTORIQUE - Assotirpeypin\",\"isPartOf\":{\"@id\":\"https:\\\/\\\/assotirpeypin.fr\\\/#website\"},\"primaryImageOfPage\":{\"@id\":\"https:\\\/\\\/assotirpeypin.fr\\\/?page_id=422#primaryimage\"},\"image\":{\"@id\":\"https:\\\/\\\/assotirpeypin.fr\\\/?page_id=422#primaryimage\"},\"thumbnailUrl\":\"https:\\\/\\\/assotirpeypin.fr\\\/wp-content\\\/uploads\\\/2025\\\/02\\\/IMG_8140-scaled.jpg\",\"datePublished\":\"2025-02-20T17:20:35+00:00\",\"dateModified\":\"2025-07-10T14:41:55+00:00\",\"breadcrumb\":{\"@id\":\"https:\\\/\\\/assotirpeypin.fr\\\/?page_id=422#breadcrumb\"},\"inLanguage\":\"fr-FR\",\"potentialAction\":[{\"@type\":\"ReadAction\",\"target\":[\"https:\\\/\\\/assotirpeypin.fr\\\/?page_id=422\"]}]},{\"@type\":\"ImageObject\",\"inLanguage\":\"fr-FR\",\"@id\":\"https:\\\/\\\/assotirpeypin.fr\\\/?page_id=422#primaryimage\",\"url\":\"https:\\\/\\\/assotirpeypin.fr\\\/wp-content\\\/uploads\\\/2025\\\/02\\\/IMG_8140-scaled.jpg\",\"contentUrl\":\"https:\\\/\\\/assotirpeypin.fr\\\/wp-content\\\/uploads\\\/2025\\\/02\\\/IMG_8140-scaled.jpg\",\"width\":2560,\"height\":1707},{\"@type\":\"BreadcrumbList\",\"@id\":\"https:\\\/\\\/assotirpeypin.fr\\\/?page_id=422#breadcrumb\",\"itemListElement\":[{\"@type\":\"ListItem\",\"position\":1,\"name\":\"Home\",\"item\":\"https:\\\/\\\/assotirpeypin.fr\\\/\"},{\"@type\":\"ListItem\",\"position\":2,\"name\":\"HISTORIQUE\"}]},{\"@type\":\"WebSite\",\"@id\":\"https:\\\/\\\/assotirpeypin.fr\\\/#website\",\"url\":\"https:\\\/\\\/assotirpeypin.fr\\\/\",\"name\":\"Assotirpeypin\",\"description\":\"La passion du tir ... Le tir passion ...\",\"publisher\":{\"@id\":\"https:\\\/\\\/assotirpeypin.fr\\\/#organization\"},\"potentialAction\":[{\"@type\":\"SearchAction\",\"target\":{\"@type\":\"EntryPoint\",\"urlTemplate\":\"https:\\\/\\\/assotirpeypin.fr\\\/?s={search_term_string}\"},\"query-input\":{\"@type\":\"PropertyValueSpecification\",\"valueRequired\":true,\"valueName\":\"search_term_string\"}}],\"inLanguage\":\"fr-FR\"},{\"@type\":\"Organization\",\"@id\":\"https:\\\/\\\/assotirpeypin.fr\\\/#organization\",\"name\":\"Assotirpeypin\",\"url\":\"https:\\\/\\\/assotirpeypin.fr\\\/\",\"logo\":{\"@type\":\"ImageObject\",\"inLanguage\":\"fr-FR\",\"@id\":\"https:\\\/\\\/assotirpeypin.fr\\\/#\\\/schema\\\/logo\\\/image\\\/\",\"url\":\"https:\\\/\\\/assotirpeypin.fr\\\/wp-content\\\/uploads\\\/2025\\\/02\\\/cropped-astpfond-768x768-1.jpg\",\"contentUrl\":\"https:\\\/\\\/assotirpeypin.fr\\\/wp-content\\\/uploads\\\/2025\\\/02\\\/cropped-astpfond-768x768-1.jpg\",\"width\":768,\"height\":768,\"caption\":\"Assotirpeypin\"},\"image\":{\"@id\":\"https:\\\/\\\/assotirpeypin.fr\\\/#\\\/schema\\\/logo\\\/image\\\/\"}}]}<\/script>\n<!-- \/ Yoast SEO plugin. -->","yoast_head_json":{"title":"HISTORIQUE - Assotirpeypin","robots":{"index":"index","follow":"follow","max-snippet":"max-snippet:-1","max-image-preview":"max-image-preview:large","max-video-preview":"max-video-preview:-1"},"canonical":"https:\/\/assotirpeypin.fr\/?page_id=422","og_locale":"fr_FR","og_type":"article","og_title":"HISTORIQUE - Assotirpeypin","og_description":"A . S .T . P . va f\u00eater ses 50 ans en 2026\u2013 Le stand de tir de l\u2019&nbsp;Association&nbsp;Sportive de&nbsp;Tir de&nbsp;Peypin est situ\u00e9 sur la commune de Peypin (13). Son existence est ancienne, cr\u00e9\u00e9 le 5 novembre 1976, il est en effet r\u00e9pertori\u00e9 sur les cartes IGN et il est \u00e9galement cadastr\u00e9. On y&hellip;&nbsp;Lire la suite &raquo;HISTORIQUE","og_url":"https:\/\/assotirpeypin.fr\/?page_id=422","og_site_name":"Assotirpeypin","article_modified_time":"2025-07-10T14:41:55+00:00","og_image":[{"url":"https:\/\/assotirpeypin.fr\/wp-content\/uploads\/2025\/02\/IMG_8140-scaled.jpg","type":"","width":"","height":""}],"twitter_card":"summary_large_image","twitter_misc":{"Dur\u00e9e de lecture estim\u00e9e":"4 minutes"},"schema":{"@context":"https:\/\/schema.org","@graph":[{"@type":"WebPage","@id":"https:\/\/assotirpeypin.fr\/?page_id=422","url":"https:\/\/assotirpeypin.fr\/?page_id=422","name":"HISTORIQUE - Assotirpeypin","isPartOf":{"@id":"https:\/\/assotirpeypin.fr\/#website"},"primaryImageOfPage":{"@id":"https:\/\/assotirpeypin.fr\/?page_id=422#primaryimage"},"image":{"@id":"https:\/\/assotirpeypin.fr\/?page_id=422#primaryimage"},"thumbnailUrl":"https:\/\/assotirpeypin.fr\/wp-content\/uploads\/2025\/02\/IMG_8140-scaled.jpg","datePublished":"2025-02-20T17:20:35+00:00","dateModified":"2025-07-10T14:41:55+00:00","breadcrumb":{"@id":"https:\/\/assotirpeypin.fr\/?page_id=422#breadcrumb"},"inLanguage":"fr-FR","potentialAction":[{"@type":"ReadAction","target":["https:\/\/assotirpeypin.fr\/?page_id=422"]}]},{"@type":"ImageObject","inLanguage":"fr-FR","@id":"https:\/\/assotirpeypin.fr\/?page_id=422#primaryimage","url":"https:\/\/assotirpeypin.fr\/wp-content\/uploads\/2025\/02\/IMG_8140-scaled.jpg","contentUrl":"https:\/\/assotirpeypin.fr\/wp-content\/uploads\/2025\/02\/IMG_8140-scaled.jpg","width":2560,"height":1707},{"@type":"BreadcrumbList","@id":"https:\/\/assotirpeypin.fr\/?page_id=422#breadcrumb","itemListElement":[{"@type":"ListItem","position":1,"name":"Home","item":"https:\/\/assotirpeypin.fr\/"},{"@type":"ListItem","position":2,"name":"HISTORIQUE"}]},{"@type":"WebSite","@id":"https:\/\/assotirpeypin.fr\/#website","url":"https:\/\/assotirpeypin.fr\/","name":"Assotirpeypin","description":"La passion du tir ... Le tir passion ...","publisher":{"@id":"https:\/\/assotirpeypin.fr\/#organization"},"potentialAction":[{"@type":"SearchAction","target":{"@type":"EntryPoint","urlTemplate":"https:\/\/assotirpeypin.fr\/?s={search_term_string}"},"query-input":{"@type":"PropertyValueSpecification","valueRequired":true,"valueName":"search_term_string"}}],"inLanguage":"fr-FR"},{"@type":"Organization","@id":"https:\/\/assotirpeypin.fr\/#organization","name":"Assotirpeypin","url":"https:\/\/assotirpeypin.fr\/","logo":{"@type":"ImageObject","inLanguage":"fr-FR","@id":"https:\/\/assotirpeypin.fr\/#\/schema\/logo\/image\/","url":"https:\/\/assotirpeypin.fr\/wp-content\/uploads\/2025\/02\/cropped-astpfond-768x768-1.jpg","contentUrl":"https:\/\/assotirpeypin.fr\/wp-content\/uploads\/2025\/02\/cropped-astpfond-768x768-1.jpg","width":768,"height":768,"caption":"Assotirpeypin"},"image":{"@id":"https:\/\/assotirpeypin.fr\/#\/schema\/logo\/image\/"}}]}},"_links":{"self":[{"href":"https:\/\/assotirpeypin.fr\/index.php?rest_route=\/wp\/v2\/pages\/422","targetHints":{"allow":["GET"]}}],"collection":[{"href":"https:\/\/assotirpeypin.fr\/index.php?rest_route=\/wp\/v2\/pages"}],"about":[{"href":"https:\/\/assotirpeypin.fr\/index.php?rest_route=\/wp\/v2\/types\/page"}],"author":[{"embeddable":true,"href":"https:\/\/assotirpeypin.fr\/index.php?rest_route=\/wp\/v2\/users\/2"}],"replies":[{"embeddable":true,"href":"https:\/\/assotirpeypin.fr\/index.php?rest_route=%2Fwp%2Fv2%2Fcomments&post=422"}],"version-history":[{"count":18,"href":"https:\/\/assotirpeypin.fr\/index.php?rest_route=\/wp\/v2\/pages\/422\/revisions"}],"predecessor-version":[{"id":880,"href":"https:\/\/assotirpeypin.fr\/index.php?rest_route=\/wp\/v2\/pages\/422\/revisions\/880"}],"wp:attachment":[{"href":"https:\/\/assotirpeypin.fr\/index.php?rest_route=%2Fwp%2Fv2%2Fmedia&parent=422"}],"curies":[{"name":"wp","href":"https:\/\/api.w.org\/{rel}","templated":true}]}}